{"id":50,"date":"2021-11-30T18:27:33","date_gmt":"2021-11-30T18:27:33","guid":{"rendered":"https:\/\/deutsch.ecoloarts.com\/de\/?page_id=50"},"modified":"2021-12-12T00:26:33","modified_gmt":"2021-12-12T00:26:33","slug":"cookie-richtilinien","status":"publish","type":"page","link":"https:\/\/deutsch.ecoloarts.com\/de\/cookie-richtilinien\/","title":{"rendered":"Cookie-Richtilinien"},"content":{"rendered":"\n<p class=\"has-small-font-size\">Auf der  Website https:\/\/ecoloarts.com\/ kommen Cookies zu Anwendung.<\/p>\n\n\n\n<h2 class=\"wp-block-heading\">Was sind Cookies?<\/h2>\n\n\n\n<p class=\"has-small-font-size\">Cookies sind Dateien, die von Websites auf Ihren Computer heruntergeladen werden k\u00f6nnen. Sie spielen eine wesentliche Rolle bei der Bereitstellung zahlreicher Dienste. So erm\u00f6glichen sie es einer Website unter anderem, Informationen \u00fcber die Surfgewohnheiten einer Nutzerin oder eines Nutzers oder ihres bzw. seines Ger\u00e4ts zu speichern und abzurufen, und k\u00f6nnen je nach den erhaltenen Informationen dazu verwendet werden, die Nutzerin oder den Nutzer wieder zu erkennen und den angebotenen Dienst zu verbessern.<\/p>\n\n\n\n<h2 class=\"wp-block-heading\">Arten von Cookies<\/h2>\n\n\n\n<p class=\"has-small-font-size\">Je nach  Eignerin oder Eigner, die bzw. der die Dom\u00e4ne verwaltet, von der die Cookies gesendet werden und die die erhaltenen Daten verarbeitet, k\u00f6nnen zwei Arten von Cookies unterschieden werden:<\/p>\n\n\n\n<ul class=\"has-small-font-size wp-block-list\"><li>Eigene Cookies: Cookies, die von einem Computer oder einer Dom\u00e4ne, die von der Herausgeberin oder dem Herausgaber selbst verwaltet wird und von der aus der von der Benutzerin oder vom Benutzer angeforderte Dienst erbracht wird, an das Endger\u00e4t der Benutzerin bzw. des Benutzers gesendet werden.<\/li><li>Cookies Dritter: Cookies, die von einem Computer oder einer Dom\u00e4ne, die nicht von der Herausgeberin oder vom Herausgeber, sondern von Dritten an das Endger\u00e4t der Benutzerin oder des Benutzers gesendet werden.<\/li><\/ul>\n\n\n\n<p class=\"has-small-font-size\">Cookies, die von einem bzw. einer von der Herausgeberin oder vom Herausgeber verwalteten Computer oder Dom\u00e4ne installiert werden und bei denen Dritte die gesammelten Informationen verwalten, k\u00f6nnen nicht als eigene Cookies betrachtet werden.<\/p>\n\n\n\n<p class=\"has-small-font-size\">Au\u00dferdem  werden Cookies nach ihrer Speicherdauer im Browser der Kundin oder des Kunden klassifiziert:<\/p>\n\n\n\n<ul class=\"has-small-font-size wp-block-list\"><li>Sitzungscookies: Sie dienen der Erfassung und Speicherung von Daten f\u00fcr die Dauer, w\u00e4hrend der die Nutzerin oder der Nutzer auf eine Website zugreift. Sie werden in der Regel verwendet, um Informationen zu speichern, die nur f\u00fcr die Erbringung der von der Nutzerin oder vom Nutzer einmalig angeforderten Dienstleistung relevant sind (z. B. eine Liste der gekauften Produkte).<\/li><li>Dauerhafte Cookies: Die Daten bleiben auf dem Endger\u00e4t gespeichert und k\u00f6nnen w\u00e4hrend eines von der Cookie-Inhaberin oder dem Cookie-Inhaber festgelegten Zeitraums (einige Minuten bis zu mehreren Jahre) abgerufen und verarbeitet werden.<\/li><\/ul>\n\n\n\n<p class=\"has-small-font-size\">Ebenfalls werden Cookies nach ihrem Zweck klassifiziert, f\u00fcr den sie Daten sammeln: <\/p>\n\n\n\n<ul class=\"has-small-font-size wp-block-list\"><li>Technische Cookies: Cookies, die es der Nutzerin oder dem Nutzer erm\u00f6glichen, auf einer Website, Plattform oder Anwendung zu surfen und die verschiedenen Optionen oder Dienste zu nutzen, die es dort gibt, wie z. B. die Steuerung des Datenverkehrs und der Datenkommunikation, die Identifizierung der Sitzung, den Zugang zu Bereichen mit eingeschr\u00e4nktem Zugang, die Erinnerung an verschiedene Bestellungsinformationen, die Durchf\u00fchrung des Kaufvorgangs, die Registrierung oder die Teilnahme an eine Veranstaltung, die Verwendung von Sicherheitselementen beim Surfen, die Speicherung von Inhalten f\u00fcr die \u00dcbertragung von Videos oder Ton oder die gemeinsame Nutzung von Inhalten \u00fcber soziale Netzwerke.<\/li><li>Personalisierungs-Cookies: Sie erm\u00f6glichen der Nutzerin oder dem Nutzer, auf den Dienst mit einigen vordefinierten allgemeinen Merkmalen zuzugreifen, die von verschiedenen Kriterien des Endger\u00e4ts der Nutzerin oder des Nutzers abh\u00e4ngen, wie z. B. die Sprache, die Art des Browsers, der f\u00fcr den Zugriff auf den Dienst verwendet wird, die regionale Konfiguration, von der aus auf den Dienst zugegriffen wird, usw.<\/li><li>Analyse-Cookies: Sie erm\u00f6glichen der Eignerin oder dem Eigner, das Verhalten der Nutzerin oder des Nutzers der Websites zu beobachten und zu analysieren. Die durch diese Art von Cookies gesammelten Informationen werden zur Messung der Aktivit\u00e4ten auf der Websites, der Verwendung der Anwendungen oder der Plattformen und zur Erstellung von Browsing-Profilen der Nutzerin oder des Nutzers der Website, der Anwendungen und  der Plattformen genutzt. Das Ziel ist,  Verbesserungen des Dienstes auf der Grundlage der Analyse der Nutzungsdaten durchzuf\u00fchren.<\/li><li>Werbe-Cookies: Sie erm\u00f6glichen die effiziente Verwaltung von Werbefl\u00e4chen.<\/li><li>Cookies f\u00fcr verhaltensbasierte Werbung: Diese speichern Informationen \u00fcber das Verhalten der Nutzerinnen und Nutzer, die durch die kontinuierliche Beobachtung ihrer Surfgewohnheiten gewonnen werden, wodurch ein spezifisches Profil erstellt werden kann, um darauf basierende Werbung anzuzeigen.<\/li><li>Cookies von externen sozialen Netzwerken: Diese werden verwendet, damit Besucherinnen und Besucher mit den Inhalten verschiedener sozialer Plattformen (meta, youtube, twitter, linkedIn, etc.) interagieren k\u00f6nnen und werden nur f\u00fcr Nutzerinnen und Nutzer dieser sozialen Netzwerke generiert. Die Bedingungen f\u00fcr die Verwendung dieser Cookies und die gesammelten Informationen werden durch die Datenschutzbestimmungen der entsprechenden sozialen Plattform geregelt.<\/li><\/ul>\n\n\n\n<h2 class=\"wp-block-heading\">Deaktivierung und L\u00f6schung von Cookies<\/h2>\n\n\n\n<p class=\"has-small-font-size\">Sie haben die M\u00f6glichkeit, die auf Ihrem Computer installierten Cookies zuzulassen, zu blockieren oder zu l\u00f6schen, indem Sie die auf Ihrem Computer installierte Browseroptionen entsprechend konfigurieren. Durch die Deaktivierung von Cookies k\u00f6nnen jedoch einige der verf\u00fcgbaren Dienste der Website nicht mehr funktionieren. Die Deaktivierung von Cookies ist von Browser zu Browser unterschiedlich, kann aber in der Regel \u00fcber das Men\u00fc &#8222;Extras&#8220; oder &#8222;Optionen&#8220; vorgenommen werden. Sie k\u00f6nnen auch das Hilfe-Men\u00fc des Browsers konsultieren, wo Sie entsprechende Anweisungen finden. Sie haben jederzeit die Auswahl, welche Cookies Sie auf dieser Website verwenden m\u00f6chten.<\/p>\n\n\n\n<ul class=\"has-small-font-size wp-block-list\"><li>Microsoft Internet Explorer o Microsoft Edge:&nbsp;<a href=\"https:\/\/support.microsoft.com\/de-de\/windows\/l\u00f6schen-und-verwalten-von-cookies-168dab11-0753-043d-7c16-ede5947fc64d\">https:\/\/support.microsoft.com\/de-de\/windows\/l\u00f6schen-und-verwalten-von-cookies<\/a><\/li><li>Mozilla Firefox:&nbsp;<a href=\"http:\/\/support.mozilla.org\/es\/kb\/impedir-que-los-sitios-web-guarden-sus-preferencia\">https:\/\/support.mozilla.org\/de\/kb\/Cookies-blockieren<\/a><\/li><li>Chrome:&nbsp;<a href=\"https:\/\/support.google.com\/accounts\/answer\/61416?hl=es\">https:\/\/support.google.com\/accounts\/answer\/61416?hl=de<\/a><\/li><li>Safari:&nbsp;<a href=\"https:\/\/praxistipps.chip.de\/safari-cookies-deaktivieren_29729\">https:\/\/praxistipps.chip.de\/safari-cookies-deaktivieren_29729<\/a><\/li><li>Opera: https:\/\/help.opera.com\/de\/latest\/web-preferences\/#cookies<\/li><\/ul>\n\n\n\n<p class=\"has-small-font-size\">Dar\u00fcber hinaus k\u00f6nnen Sie die Speicherung von Cookies in Ihrem Browser mit Hilfe von Tools wie den folgenden verwalten:<\/p>\n\n\n\n<ul class=\"has-small-font-size wp-block-list\"><li>Ghostery:&nbsp;<a href=\"http:\/\/www.ghostery.com\/\">www.ghostery.com\/<\/a><\/li><li>Your Online Choices: <a href=\"https:\/\/www.youronlinechoices.com\">www.youronlinechoices.com<\/a><\/li><\/ul>\n\n\n\n<h2 class=\"wp-block-heading\">verwendete Cookies auf https:\/\/ecoloarts.com\/<\/h2>\n\n\n\n<p class=\"has-small-font-size\">Die auf dieser Website verwendeten Cookies werden im Folgenden nach Art und Funktion aufgelistet:<\/p>\n\n\n\n<h2 class=\"wp-block-heading\">Einverst\u00e4ndnis mit den Cookie-Richtlinien<\/h2>\n\n\n\n<p class=\"has-small-font-size\">https:\/\/ecoloarts.com\/ geht davon aus, dass Sie die Verwendung von Cookies akzeptieren. Die Informationen \u00fcber die Cookie-Richtlinien werden jedoch bei jeder Anmeldung am unteren oder oberen Rand einer Seite der Website angezeigt, so dass Sie sie zur Kenntnis nehmen k\u00f6nnen.<\/p>\n\n\n\n<p class=\"has-small-font-size\">Anhand dieser Informationen sind die folgenden Ma\u00dfnahmen m\u00f6glich:<\/p>\n\n\n\n<ul class=\"has-small-font-size wp-block-list\"><li>Cookies akzeptieren: Dieser Hinweis wird beim Zugriff auf eine beliebige Seite des Portals w\u00e4hrend der aktuellen Sitzung nicht mehr angezeigt.<\/li><li>Schlie\u00dfen: Der Hinweis ist auf dieser Seite ausgeblendet.<\/li><li>\u00c4nderung der Konfiguration: Sie k\u00f6nnen weitere Informationen dar\u00fcber erhalten, was Cookies sind, sich \u00fcber die Cookie-Richtlinie von https:\/\/ecoloarts.com\/ informieren und Ihre entsprechend Browsereinstellungen \u00e4ndern.<\/li><\/ul>\n","protected":false},"excerpt":{"rendered":"<p>Auf der Website https:\/\/ecoloarts.com\/ kommen Cookies zu Anwendung. Was sind Cookies? Cookies sind Dateien, die von Websites auf Ihren Computer heruntergeladen werden k\u00f6nnen. Sie spielen eine wesentliche Rolle bei der Bereitstellung zahlreicher Dienste. So erm\u00f6glichen sie es einer Website unter anderem, Informationen \u00fcber die Surfgewohnheiten einer Nutzerin oder eines Nutzers oder ihres bzw. seines Ger\u00e4ts [&hellip;]<\/p>\n","protected":false},"author":1,"featured_media":0,"parent":0,"menu_order":0,"comment_status":"closed","ping_status":"closed","template":"","meta":{"footnotes":""},"class_list":["post-50","page","type-page","status-publish","hentry"],"yoast_head":"<!-- This site is optimized with the Yoast SEO plugin v20.1 - https:\/\/yoast.com\/wordpress\/plugins\/seo\/ -->\n<title>Cookie-Richtilinien - ecoloarts<\/title>\n<meta name=\"description\" content=\"Die Cookie-Richtlinien erl\u00e4utern, was Cookies sind und wozu sie dienen. Auch findest du hier Links, um deine Cookies einzurichten.\" \/>\n<meta name=\"robots\" content=\"index, follow, max-snippet:-1, max-image-preview:large, max-video-preview:-1\" \/>\n<link rel=\"canonical\" href=\"https:\/\/deutsch.ecoloarts.com\/de\/cookie-richtilinien\/\" \/>\n<meta property=\"og:locale\" content=\"de_DE\" \/>\n<meta property=\"og:type\" content=\"article\" \/>\n<meta property=\"og:title\" content=\"Cookie-Richtilinien - ecoloarts\" \/>\n<meta property=\"og:description\" content=\"Die Cookie-Richtlinien erl\u00e4utern, was Cookies sind und wozu sie dienen. Auch findest du hier Links, um deine Cookies einzurichten.\" \/>\n<meta property=\"og:url\" content=\"https:\/\/deutsch.ecoloarts.com\/de\/cookie-richtilinien\/\" \/>\n<meta property=\"og:site_name\" content=\"ecoloarts\" \/>\n<meta property=\"article:modified_time\" content=\"2021-12-12T00:26:33+00:00\" \/>\n<meta name=\"twitter:card\" content=\"summary_large_image\" \/>\n<meta name=\"twitter:label1\" content=\"Gesch\u00e4tzte Lesezeit\" \/>\n\t<meta name=\"twitter:data1\" content=\"5\u00a0Minuten\" \/>\n<script type=\"application\/ld+json\" class=\"yoast-schema-graph\">{\"@context\":\"https:\/\/schema.org\",\"@graph\":[{\"@type\":\"WebPage\",\"@id\":\"https:\/\/deutsch.ecoloarts.com\/de\/cookie-richtilinien\/\",\"url\":\"https:\/\/deutsch.ecoloarts.com\/de\/cookie-richtilinien\/\",\"name\":\"Cookie-Richtilinien - ecoloarts\",\"isPartOf\":{\"@id\":\"https:\/\/deutsch.ecoloarts.com\/de\/#website\"},\"datePublished\":\"2021-11-30T18:27:33+00:00\",\"dateModified\":\"2021-12-12T00:26:33+00:00\",\"description\":\"Die Cookie-Richtlinien erl\u00e4utern, was Cookies sind und wozu sie dienen. Auch findest du hier Links, um deine Cookies einzurichten.\",\"breadcrumb\":{\"@id\":\"https:\/\/deutsch.ecoloarts.com\/de\/cookie-richtilinien\/#breadcrumb\"},\"inLanguage\":\"de\",\"potentialAction\":[{\"@type\":\"ReadAction\",\"target\":[\"https:\/\/deutsch.ecoloarts.com\/de\/cookie-richtilinien\/\"]}]},{\"@type\":\"BreadcrumbList\",\"@id\":\"https:\/\/deutsch.ecoloarts.com\/de\/cookie-richtilinien\/#breadcrumb\",\"itemListElement\":[{\"@type\":\"ListItem\",\"position\":1,\"name\":\"Startseite\",\"item\":\"https:\/\/deutsch.ecoloarts.com\/de\/\"},{\"@type\":\"ListItem\",\"position\":2,\"name\":\"Cookie-Richtilinien\"}]},{\"@type\":\"WebSite\",\"@id\":\"https:\/\/deutsch.ecoloarts.com\/de\/#website\",\"url\":\"https:\/\/deutsch.ecoloarts.com\/de\/\",\"name\":\"ecoloarts\",\"description\":\"\",\"publisher\":{\"@id\":\"https:\/\/deutsch.ecoloarts.com\/de\/#organization\"},\"potentialAction\":[{\"@type\":\"SearchAction\",\"target\":{\"@type\":\"EntryPoint\",\"urlTemplate\":\"https:\/\/deutsch.ecoloarts.com\/de\/?s={search_term_string}\"},\"query-input\":\"required name=search_term_string\"}],\"inLanguage\":\"de\"},{\"@type\":\"Organization\",\"@id\":\"https:\/\/deutsch.ecoloarts.com\/de\/#organization\",\"name\":\"ecoloarts\",\"url\":\"https:\/\/deutsch.ecoloarts.com\/de\/\",\"logo\":{\"@type\":\"ImageObject\",\"inLanguage\":\"de\",\"@id\":\"https:\/\/deutsch.ecoloarts.com\/de\/#\/schema\/logo\/image\/\",\"url\":\"https:\/\/deutsch.ecoloarts.com\/de\/wp-content\/uploads\/2021\/12\/cropped-211024_Logo_web_ecoloarts_version1.png\",\"contentUrl\":\"https:\/\/deutsch.ecoloarts.com\/de\/wp-content\/uploads\/2021\/12\/cropped-211024_Logo_web_ecoloarts_version1.png\",\"width\":827,\"height\":591,\"caption\":\"ecoloarts\"},\"image\":{\"@id\":\"https:\/\/deutsch.ecoloarts.com\/de\/#\/schema\/logo\/image\/\"}}]}<\/script>\n<!-- \/ Yoast SEO plugin. -->","yoast_head_json":{"title":"Cookie-Richtilinien - ecoloarts","description":"Die Cookie-Richtlinien erl\u00e4utern, was Cookies sind und wozu sie dienen. Auch findest du hier Links, um deine Cookies einzurichten.","robots":{"index":"index","follow":"follow","max-snippet":"max-snippet:-1","max-image-preview":"max-image-preview:large","max-video-preview":"max-video-preview:-1"},"canonical":"https:\/\/deutsch.ecoloarts.com\/de\/cookie-richtilinien\/","og_locale":"de_DE","og_type":"article","og_title":"Cookie-Richtilinien - ecoloarts","og_description":"Die Cookie-Richtlinien erl\u00e4utern, was Cookies sind und wozu sie dienen. Auch findest du hier Links, um deine Cookies einzurichten.","og_url":"https:\/\/deutsch.ecoloarts.com\/de\/cookie-richtilinien\/","og_site_name":"ecoloarts","article_modified_time":"2021-12-12T00:26:33+00:00","twitter_card":"summary_large_image","twitter_misc":{"Gesch\u00e4tzte Lesezeit":"5\u00a0Minuten"},"schema":{"@context":"https:\/\/schema.org","@graph":[{"@type":"WebPage","@id":"https:\/\/deutsch.ecoloarts.com\/de\/cookie-richtilinien\/","url":"https:\/\/deutsch.ecoloarts.com\/de\/cookie-richtilinien\/","name":"Cookie-Richtilinien - ecoloarts","isPartOf":{"@id":"https:\/\/deutsch.ecoloarts.com\/de\/#website"},"datePublished":"2021-11-30T18:27:33+00:00","dateModified":"2021-12-12T00:26:33+00:00","description":"Die Cookie-Richtlinien erl\u00e4utern, was Cookies sind und wozu sie dienen. Auch findest du hier Links, um deine Cookies einzurichten.","breadcrumb":{"@id":"https:\/\/deutsch.ecoloarts.com\/de\/cookie-richtilinien\/#breadcrumb"},"inLanguage":"de","potentialAction":[{"@type":"ReadAction","target":["https:\/\/deutsch.ecoloarts.com\/de\/cookie-richtilinien\/"]}]},{"@type":"BreadcrumbList","@id":"https:\/\/deutsch.ecoloarts.com\/de\/cookie-richtilinien\/#breadcrumb","itemListElement":[{"@type":"ListItem","position":1,"name":"Startseite","item":"https:\/\/deutsch.ecoloarts.com\/de\/"},{"@type":"ListItem","position":2,"name":"Cookie-Richtilinien"}]},{"@type":"WebSite","@id":"https:\/\/deutsch.ecoloarts.com\/de\/#website","url":"https:\/\/deutsch.ecoloarts.com\/de\/","name":"ecoloarts","description":"","publisher":{"@id":"https:\/\/deutsch.ecoloarts.com\/de\/#organization"},"potentialAction":[{"@type":"SearchAction","target":{"@type":"EntryPoint","urlTemplate":"https:\/\/deutsch.ecoloarts.com\/de\/?s={search_term_string}"},"query-input":"required name=search_term_string"}],"inLanguage":"de"},{"@type":"Organization","@id":"https:\/\/deutsch.ecoloarts.com\/de\/#organization","name":"ecoloarts","url":"https:\/\/deutsch.ecoloarts.com\/de\/","logo":{"@type":"ImageObject","inLanguage":"de","@id":"https:\/\/deutsch.ecoloarts.com\/de\/#\/schema\/logo\/image\/","url":"https:\/\/deutsch.ecoloarts.com\/de\/wp-content\/uploads\/2021\/12\/cropped-211024_Logo_web_ecoloarts_version1.png","contentUrl":"https:\/\/deutsch.ecoloarts.com\/de\/wp-content\/uploads\/2021\/12\/cropped-211024_Logo_web_ecoloarts_version1.png","width":827,"height":591,"caption":"ecoloarts"},"image":{"@id":"https:\/\/deutsch.ecoloarts.com\/de\/#\/schema\/logo\/image\/"}}]}},"_links":{"self":[{"href":"https:\/\/deutsch.ecoloarts.com\/de\/wp-json\/wp\/v2\/pages\/50","targetHints":{"allow":["GET"]}}],"collection":[{"href":"https:\/\/deutsch.ecoloarts.com\/de\/wp-json\/wp\/v2\/pages"}],"about":[{"href":"https:\/\/deutsch.ecoloarts.com\/de\/wp-json\/wp\/v2\/types\/page"}],"author":[{"embeddable":true,"href":"https:\/\/deutsch.ecoloarts.com\/de\/wp-json\/wp\/v2\/users\/1"}],"replies":[{"embeddable":true,"href":"https:\/\/deutsch.ecoloarts.com\/de\/wp-json\/wp\/v2\/comments?post=50"}],"version-history":[{"count":4,"href":"https:\/\/deutsch.ecoloarts.com\/de\/wp-json\/wp\/v2\/pages\/50\/revisions"}],"predecessor-version":[{"id":146,"href":"https:\/\/deutsch.ecoloarts.com\/de\/wp-json\/wp\/v2\/pages\/50\/revisions\/146"}],"wp:attachment":[{"href":"https:\/\/deutsch.ecoloarts.com\/de\/wp-json\/wp\/v2\/media?parent=50"}],"curies":[{"name":"wp","href":"https:\/\/api.w.org\/{rel}","templated":true}]}}