{"id":46,"date":"2021-11-23T18:13:32","date_gmt":"2021-11-23T18:13:32","guid":{"rendered":"https:\/\/deutsch.ecoloarts.com\/de\/?page_id=46"},"modified":"2021-12-12T00:31:39","modified_gmt":"2021-12-12T00:31:39","slug":"rechtshinweis","status":"publish","type":"page","link":"https:\/\/deutsch.ecoloarts.com\/de\/rechtshinweis\/","title":{"rendered":"Rechtshinweis"},"content":{"rendered":"\n<p class=\"has-small-font-size\">In Erf\u00fcllung der Informationspflicht gem\u00e4\u00df Artikel 10 des Gesetzes 34\/2002 vom 11. Juli \u00fcber die Dienstleistungen der Informationsgesellschaft und den elektronischen Handel (Servicios de la Sociedad de la Informaci\u00f3n y del Comercio Electr\u00f3nico (LSSICE)) informiert Sie der Eigent\u00fcmer Kevin Ris (nachfolgend ecoloarts) der Website https:\/\/ecoloarts.com\/ \u00fcber Folgendes:<\/p>\n\n\n\n<ul class=\"has-small-font-size wp-block-list\"><li>Gesch\u00e4ftsname: Kevin Ris (ecoloarts)<\/li><li>NIF: Y6712748M<\/li><li>Anschrift: Madrid (Madrid)<\/li><\/ul>\n\n\n\n<p class=\"has-small-font-size\">https:\/\/ecoloarts.com\/ \u00fcbernimmt im Rahmen der gesetzlichen Bestimmungen keine Haftung f\u00fcr die mangelnde Richtigkeit, Vollst\u00e4ndigkeit, Aktualit\u00e4t und Genauigkeit der auf den Internetseiten enthaltenen Daten und Informationen.<\/p>\n\n\n\n<p class=\"has-small-font-size\">Die Inhalte und Informationen binden weder https:\/\/ecoloarts.com\/ noch stellen sie Meinungen, Ratschl\u00e4ge oder Rechtsberatung jeglicher Art dar, da es sich lediglich um einen Dienst handelt, der zu Informations- und Verbreitungszwecken angeboten wird.<\/p>\n\n\n\n<p class=\"has-small-font-size\">Die Internet-Seiten von https:\/\/ecoloarts.com\/ k\u00f6nnen Links zu anderen Seiten Dritter enthalten, die https:\/\/ecoloarts.com\/ nicht kontrollieren kann. Daher kann https:\/\/ecoloarts.com\/ keine Verantwortung f\u00fcr die Inhalte \u00fcbernehmen, die auf  Websites oder auf Webseiten Dritter erscheinen.<\/p>\n\n\n\n<p class=\"has-small-font-size\">Die Texte, Bilder, T\u00f6ne, Animationen, Software und sonstigen Inhalte dieser Website sind das ausschlie\u00dfliche Eigentum von https:\/\/ecoloarts.com\/ oder seiner Lizenzgeber. Jegliche \u00dcbermittlung, Verbreitung, \u00dcbertragung, Vervielf\u00e4ltigung, Speicherung oder vollst\u00e4ndige oder teilweise \u00f6ffentliche Wiedergabe bedarf der ausdr\u00fccklichen Zustimmung von https:\/\/ecoloarts.com\/.<\/p>\n\n\n\n<p class=\"has-small-font-size\">Um Zugang zu den Dienstleistungen und Produkten zu erhalten, die https:\/\/ecoloarts.com\/ auf der Website anbietet, m\u00fcssen Sie einige personenbezogene Daten angeben. In \u00dcbereinstimmung mit den Bestimmungen der Verordnung (EU) 2016\/679 des Europ\u00e4ischen Parlaments und des Rates vom 27. April 2016 zum Schutz nat\u00fcrlicher Personen bei der Verarbeitung personenbezogener Daten und zum freien Datenverkehr werden Sie hier dar\u00fcber informiert, dass durch das Ausf\u00fcllen dieser Formulare Ihre personenbezogenen Daten in den Dateien von ecoloarts (Kevin Ris) gespeichert und verarbeitet werden, um Ihnen Dienstleistungen und Produkte anzubieten und Sie \u00fcber Verbesserungen der Website zu informieren.&nbsp;<\/p>\n\n\n\n<p class=\"has-small-font-size\">Sie k\u00f6nnen Ihre Rechte auf Zugang, Berichtigung, L\u00f6schung und Widerspruch bez\u00fcglich Ihrer personenbezogenen Daten kostenlos aus\u00fcben, indem Sie eine E-Mail an ecoloarts@gmail.com senden.<\/p>\n","protected":false},"excerpt":{"rendered":"<p>In Erf\u00fcllung der Informationspflicht gem\u00e4\u00df Artikel 10 des Gesetzes 34\/2002 vom 11. Juli \u00fcber die Dienstleistungen der Informationsgesellschaft und den elektronischen Handel (Servicios de la Sociedad de la Informaci\u00f3n y del Comercio Electr\u00f3nico (LSSICE)) informiert Sie der Eigent\u00fcmer Kevin Ris (nachfolgend ecoloarts) der Website https:\/\/ecoloarts.com\/ \u00fcber Folgendes: Gesch\u00e4ftsname: Kevin Ris (ecoloarts) NIF: Y6712748M Anschrift: Madrid [&hellip;]<\/p>\n","protected":false},"author":1,"featured_media":0,"parent":0,"menu_order":0,"comment_status":"closed","ping_status":"closed","template":"","meta":{"footnotes":""},"class_list":["post-46","page","type-page","status-publish","hentry"],"yoast_head":"<!-- This site is optimized with the Yoast SEO plugin v20.1 - https:\/\/yoast.com\/wordpress\/plugins\/seo\/ -->\n<title>Rechtshinweis - ecoloarts<\/title>\n<meta name=\"description\" content=\"Der Rechtshinweis informiert dich kurz \u00fcber rechtliche Aspekte zur Nutzung der Website von ecoloarts.\" \/>\n<meta name=\"robots\" content=\"index, follow, max-snippet:-1, max-image-preview:large, max-video-preview:-1\" \/>\n<link rel=\"canonical\" href=\"https:\/\/deutsch.ecoloarts.com\/de\/rechtshinweis\/\" \/>\n<meta property=\"og:locale\" content=\"de_DE\" \/>\n<meta property=\"og:type\" content=\"article\" \/>\n<meta property=\"og:title\" content=\"Rechtshinweis - ecoloarts\" \/>\n<meta property=\"og:description\" content=\"Der Rechtshinweis informiert dich kurz \u00fcber rechtliche Aspekte zur Nutzung der Website von ecoloarts.\" \/>\n<meta property=\"og:url\" content=\"https:\/\/deutsch.ecoloarts.com\/de\/rechtshinweis\/\" \/>\n<meta property=\"og:site_name\" content=\"ecoloarts\" \/>\n<meta property=\"article:modified_time\" content=\"2021-12-12T00:31:39+00:00\" \/>\n<meta name=\"twitter:card\" content=\"summary_large_image\" \/>\n<meta name=\"twitter:label1\" content=\"Gesch\u00e4tzte Lesezeit\" \/>\n\t<meta name=\"twitter:data1\" content=\"2\u00a0Minuten\" \/>\n<script type=\"application\/ld+json\" class=\"yoast-schema-graph\">{\"@context\":\"https:\/\/schema.org\",\"@graph\":[{\"@type\":\"WebPage\",\"@id\":\"https:\/\/deutsch.ecoloarts.com\/de\/rechtshinweis\/\",\"url\":\"https:\/\/deutsch.ecoloarts.com\/de\/rechtshinweis\/\",\"name\":\"Rechtshinweis - ecoloarts\",\"isPartOf\":{\"@id\":\"https:\/\/deutsch.ecoloarts.com\/de\/#website\"},\"datePublished\":\"2021-11-23T18:13:32+00:00\",\"dateModified\":\"2021-12-12T00:31:39+00:00\",\"description\":\"Der Rechtshinweis informiert dich kurz \u00fcber rechtliche Aspekte zur Nutzung der Website von ecoloarts.\",\"breadcrumb\":{\"@id\":\"https:\/\/deutsch.ecoloarts.com\/de\/rechtshinweis\/#breadcrumb\"},\"inLanguage\":\"de\",\"potentialAction\":[{\"@type\":\"ReadAction\",\"target\":[\"https:\/\/deutsch.ecoloarts.com\/de\/rechtshinweis\/\"]}]},{\"@type\":\"BreadcrumbList\",\"@id\":\"https:\/\/deutsch.ecoloarts.com\/de\/rechtshinweis\/#breadcrumb\",\"itemListElement\":[{\"@type\":\"ListItem\",\"position\":1,\"name\":\"Startseite\",\"item\":\"https:\/\/deutsch.ecoloarts.com\/de\/\"},{\"@type\":\"ListItem\",\"position\":2,\"name\":\"Rechtshinweis\"}]},{\"@type\":\"WebSite\",\"@id\":\"https:\/\/deutsch.ecoloarts.com\/de\/#website\",\"url\":\"https:\/\/deutsch.ecoloarts.com\/de\/\",\"name\":\"ecoloarts\",\"description\":\"\",\"publisher\":{\"@id\":\"https:\/\/deutsch.ecoloarts.com\/de\/#organization\"},\"potentialAction\":[{\"@type\":\"SearchAction\",\"target\":{\"@type\":\"EntryPoint\",\"urlTemplate\":\"https:\/\/deutsch.ecoloarts.com\/de\/?s={search_term_string}\"},\"query-input\":\"required name=search_term_string\"}],\"inLanguage\":\"de\"},{\"@type\":\"Organization\",\"@id\":\"https:\/\/deutsch.ecoloarts.com\/de\/#organization\",\"name\":\"ecoloarts\",\"url\":\"https:\/\/deutsch.ecoloarts.com\/de\/\",\"logo\":{\"@type\":\"ImageObject\",\"inLanguage\":\"de\",\"@id\":\"https:\/\/deutsch.ecoloarts.com\/de\/#\/schema\/logo\/image\/\",\"url\":\"https:\/\/deutsch.ecoloarts.com\/de\/wp-content\/uploads\/2021\/12\/cropped-211024_Logo_web_ecoloarts_version1.png\",\"contentUrl\":\"https:\/\/deutsch.ecoloarts.com\/de\/wp-content\/uploads\/2021\/12\/cropped-211024_Logo_web_ecoloarts_version1.png\",\"width\":827,\"height\":591,\"caption\":\"ecoloarts\"},\"image\":{\"@id\":\"https:\/\/deutsch.ecoloarts.com\/de\/#\/schema\/logo\/image\/\"}}]}<\/script>\n<!-- \/ Yoast SEO plugin. -->","yoast_head_json":{"title":"Rechtshinweis - ecoloarts","description":"Der Rechtshinweis informiert dich kurz \u00fcber rechtliche Aspekte zur Nutzung der Website von ecoloarts.","robots":{"index":"index","follow":"follow","max-snippet":"max-snippet:-1","max-image-preview":"max-image-preview:large","max-video-preview":"max-video-preview:-1"},"canonical":"https:\/\/deutsch.ecoloarts.com\/de\/rechtshinweis\/","og_locale":"de_DE","og_type":"article","og_title":"Rechtshinweis - ecoloarts","og_description":"Der Rechtshinweis informiert dich kurz \u00fcber rechtliche Aspekte zur Nutzung der Website von ecoloarts.","og_url":"https:\/\/deutsch.ecoloarts.com\/de\/rechtshinweis\/","og_site_name":"ecoloarts","article_modified_time":"2021-12-12T00:31:39+00:00","twitter_card":"summary_large_image","twitter_misc":{"Gesch\u00e4tzte Lesezeit":"2\u00a0Minuten"},"schema":{"@context":"https:\/\/schema.org","@graph":[{"@type":"WebPage","@id":"https:\/\/deutsch.ecoloarts.com\/de\/rechtshinweis\/","url":"https:\/\/deutsch.ecoloarts.com\/de\/rechtshinweis\/","name":"Rechtshinweis - ecoloarts","isPartOf":{"@id":"https:\/\/deutsch.ecoloarts.com\/de\/#website"},"datePublished":"2021-11-23T18:13:32+00:00","dateModified":"2021-12-12T00:31:39+00:00","description":"Der Rechtshinweis informiert dich kurz \u00fcber rechtliche Aspekte zur Nutzung der Website von ecoloarts.","breadcrumb":{"@id":"https:\/\/deutsch.ecoloarts.com\/de\/rechtshinweis\/#breadcrumb"},"inLanguage":"de","potentialAction":[{"@type":"ReadAction","target":["https:\/\/deutsch.ecoloarts.com\/de\/rechtshinweis\/"]}]},{"@type":"BreadcrumbList","@id":"https:\/\/deutsch.ecoloarts.com\/de\/rechtshinweis\/#breadcrumb","itemListElement":[{"@type":"ListItem","position":1,"name":"Startseite","item":"https:\/\/deutsch.ecoloarts.com\/de\/"},{"@type":"ListItem","position":2,"name":"Rechtshinweis"}]},{"@type":"WebSite","@id":"https:\/\/deutsch.ecoloarts.com\/de\/#website","url":"https:\/\/deutsch.ecoloarts.com\/de\/","name":"ecoloarts","description":"","publisher":{"@id":"https:\/\/deutsch.ecoloarts.com\/de\/#organization"},"potentialAction":[{"@type":"SearchAction","target":{"@type":"EntryPoint","urlTemplate":"https:\/\/deutsch.ecoloarts.com\/de\/?s={search_term_string}"},"query-input":"required name=search_term_string"}],"inLanguage":"de"},{"@type":"Organization","@id":"https:\/\/deutsch.ecoloarts.com\/de\/#organization","name":"ecoloarts","url":"https:\/\/deutsch.ecoloarts.com\/de\/","logo":{"@type":"ImageObject","inLanguage":"de","@id":"https:\/\/deutsch.ecoloarts.com\/de\/#\/schema\/logo\/image\/","url":"https:\/\/deutsch.ecoloarts.com\/de\/wp-content\/uploads\/2021\/12\/cropped-211024_Logo_web_ecoloarts_version1.png","contentUrl":"https:\/\/deutsch.ecoloarts.com\/de\/wp-content\/uploads\/2021\/12\/cropped-211024_Logo_web_ecoloarts_version1.png","width":827,"height":591,"caption":"ecoloarts"},"image":{"@id":"https:\/\/deutsch.ecoloarts.com\/de\/#\/schema\/logo\/image\/"}}]}},"_links":{"self":[{"href":"https:\/\/deutsch.ecoloarts.com\/de\/wp-json\/wp\/v2\/pages\/46","targetHints":{"allow":["GET"]}}],"collection":[{"href":"https:\/\/deutsch.ecoloarts.com\/de\/wp-json\/wp\/v2\/pages"}],"about":[{"href":"https:\/\/deutsch.ecoloarts.com\/de\/wp-json\/wp\/v2\/types\/page"}],"author":[{"embeddable":true,"href":"https:\/\/deutsch.ecoloarts.com\/de\/wp-json\/wp\/v2\/users\/1"}],"replies":[{"embeddable":true,"href":"https:\/\/deutsch.ecoloarts.com\/de\/wp-json\/wp\/v2\/comments?post=46"}],"version-history":[{"count":3,"href":"https:\/\/deutsch.ecoloarts.com\/de\/wp-json\/wp\/v2\/pages\/46\/revisions"}],"predecessor-version":[{"id":150,"href":"https:\/\/deutsch.ecoloarts.com\/de\/wp-json\/wp\/v2\/pages\/46\/revisions\/150"}],"wp:attachment":[{"href":"https:\/\/deutsch.ecoloarts.com\/de\/wp-json\/wp\/v2\/media?parent=46"}],"curies":[{"name":"wp","href":"https:\/\/api.w.org\/{rel}","templated":true}]}}