{"id":128,"date":"2021-12-11T23:21:54","date_gmt":"2021-12-11T23:21:54","guid":{"rendered":"https:\/\/deutsch.ecoloarts.com\/de\/?page_id=128"},"modified":"2021-12-12T00:32:21","modified_gmt":"2021-12-12T00:32:21","slug":"sprache-idioma","status":"publish","type":"page","link":"https:\/\/deutsch.ecoloarts.com\/de\/sprache-idioma\/","title":{"rendered":"Sprache \/ Idioma"},"content":{"rendered":"\n<p class=\"has-small-font-size\">Auf Sprache \/ Idioma kannst du die Sprache wechseln. Aktuell ist ecoloarts auf spanisch und auf deutsch verf\u00fcgbar. Um die Sprache zu wechseln, kicke auf die gr\u00fcne Schaltfl\u00e4che &#8222;espa\u00f1ol&#8220; unten.<\/p>\n\n\n\n<p class=\"has-small-font-size\">En est\u00e1 p\u00e1gina puedes&nbsp;cambiar de idioma. Ecoloarts est\u00e1 disponible en espa\u00f1ol y en alem\u00e1n. Para cambiar de idioma por favor pinche en el bot\u00f3n verde &#8222;espa\u00f1ol&#8220; abajo.<\/p>\n\n\n\n<div class=\"wp-block-buttons is-layout-flex wp-block-buttons-is-layout-flex\">\n<div class=\"wp-block-button has-custom-font-size has-medium-font-size\"><a class=\"wp-block-button__link has-background\" href=\"https:\/\/ecoloarts.com\" style=\"border-radius:5px;background-color:#bbff7b\">espa\u00f1ol<\/a><\/div>\n<\/div>\n","protected":false},"excerpt":{"rendered":"<p>Auf Sprache \/ Idioma kannst du die Sprache wechseln. Aktuell ist ecoloarts auf spanisch und auf deutsch verf\u00fcgbar. Um die Sprache zu wechseln, kicke auf die gr\u00fcne Schaltfl\u00e4che &#8222;espa\u00f1ol&#8220; unten. En est\u00e1 p\u00e1gina puedes&nbsp;cambiar de idioma. Ecoloarts est\u00e1 disponible en espa\u00f1ol y en alem\u00e1n. Para cambiar de idioma por favor pinche en el bot\u00f3n verde [&hellip;]<\/p>\n","protected":false},"author":1,"featured_media":0,"parent":0,"menu_order":0,"comment_status":"closed","ping_status":"closed","template":"","meta":{"footnotes":""},"class_list":["post-128","page","type-page","status-publish","hentry"],"yoast_head":"<!-- This site is optimized with the Yoast SEO plugin v20.1 - https:\/\/yoast.com\/wordpress\/plugins\/seo\/ -->\n<title>Sprache \/ Idioma - ecoloarts<\/title>\n<meta name=\"description\" content=\"Auf Sprache \/ idioma kannst du die Sprache wechseln. Ecoloarts ist auch auf spanisch verf\u00fcgbar. Ecoloarts tambi\u00e9n est\u00e1 disponible en espa\u00f1ol.\" \/>\n<meta name=\"robots\" content=\"index, follow, max-snippet:-1, max-image-preview:large, max-video-preview:-1\" \/>\n<link rel=\"canonical\" href=\"https:\/\/deutsch.ecoloarts.com\/de\/sprache-idioma\/\" \/>\n<meta property=\"og:locale\" content=\"de_DE\" \/>\n<meta property=\"og:type\" content=\"article\" \/>\n<meta property=\"og:title\" content=\"Sprache \/ Idioma - ecoloarts\" \/>\n<meta property=\"og:description\" content=\"Auf Sprache \/ idioma kannst du die Sprache wechseln. Ecoloarts ist auch auf spanisch verf\u00fcgbar. Ecoloarts tambi\u00e9n est\u00e1 disponible en espa\u00f1ol.\" \/>\n<meta property=\"og:url\" content=\"https:\/\/deutsch.ecoloarts.com\/de\/sprache-idioma\/\" \/>\n<meta property=\"og:site_name\" content=\"ecoloarts\" \/>\n<meta property=\"article:modified_time\" content=\"2021-12-12T00:32:21+00:00\" \/>\n<meta name=\"twitter:card\" content=\"summary_large_image\" \/>\n<meta name=\"twitter:label1\" content=\"Gesch\u00e4tzte Lesezeit\" \/>\n\t<meta name=\"twitter:data1\" content=\"1\u00a0Minute\" \/>\n<script type=\"application\/ld+json\" class=\"yoast-schema-graph\">{\"@context\":\"https:\/\/schema.org\",\"@graph\":[{\"@type\":\"WebPage\",\"@id\":\"https:\/\/deutsch.ecoloarts.com\/de\/sprache-idioma\/\",\"url\":\"https:\/\/deutsch.ecoloarts.com\/de\/sprache-idioma\/\",\"name\":\"Sprache \/ Idioma - ecoloarts\",\"isPartOf\":{\"@id\":\"https:\/\/deutsch.ecoloarts.com\/de\/#website\"},\"datePublished\":\"2021-12-11T23:21:54+00:00\",\"dateModified\":\"2021-12-12T00:32:21+00:00\",\"description\":\"Auf Sprache \/ idioma kannst du die Sprache wechseln. Ecoloarts ist auch auf spanisch verf\u00fcgbar. Ecoloarts tambi\u00e9n est\u00e1 disponible en espa\u00f1ol.\",\"breadcrumb\":{\"@id\":\"https:\/\/deutsch.ecoloarts.com\/de\/sprache-idioma\/#breadcrumb\"},\"inLanguage\":\"de\",\"potentialAction\":[{\"@type\":\"ReadAction\",\"target\":[\"https:\/\/deutsch.ecoloarts.com\/de\/sprache-idioma\/\"]}]},{\"@type\":\"BreadcrumbList\",\"@id\":\"https:\/\/deutsch.ecoloarts.com\/de\/sprache-idioma\/#breadcrumb\",\"itemListElement\":[{\"@type\":\"ListItem\",\"position\":1,\"name\":\"Startseite\",\"item\":\"https:\/\/deutsch.ecoloarts.com\/de\/\"},{\"@type\":\"ListItem\",\"position\":2,\"name\":\"Sprache \/ Idioma\"}]},{\"@type\":\"WebSite\",\"@id\":\"https:\/\/deutsch.ecoloarts.com\/de\/#website\",\"url\":\"https:\/\/deutsch.ecoloarts.com\/de\/\",\"name\":\"ecoloarts\",\"description\":\"\",\"publisher\":{\"@id\":\"https:\/\/deutsch.ecoloarts.com\/de\/#organization\"},\"potentialAction\":[{\"@type\":\"SearchAction\",\"target\":{\"@type\":\"EntryPoint\",\"urlTemplate\":\"https:\/\/deutsch.ecoloarts.com\/de\/?s={search_term_string}\"},\"query-input\":\"required name=search_term_string\"}],\"inLanguage\":\"de\"},{\"@type\":\"Organization\",\"@id\":\"https:\/\/deutsch.ecoloarts.com\/de\/#organization\",\"name\":\"ecoloarts\",\"url\":\"https:\/\/deutsch.ecoloarts.com\/de\/\",\"logo\":{\"@type\":\"ImageObject\",\"inLanguage\":\"de\",\"@id\":\"https:\/\/deutsch.ecoloarts.com\/de\/#\/schema\/logo\/image\/\",\"url\":\"https:\/\/deutsch.ecoloarts.com\/de\/wp-content\/uploads\/2021\/12\/cropped-211024_Logo_web_ecoloarts_version1.png\",\"contentUrl\":\"https:\/\/deutsch.ecoloarts.com\/de\/wp-content\/uploads\/2021\/12\/cropped-211024_Logo_web_ecoloarts_version1.png\",\"width\":827,\"height\":591,\"caption\":\"ecoloarts\"},\"image\":{\"@id\":\"https:\/\/deutsch.ecoloarts.com\/de\/#\/schema\/logo\/image\/\"}}]}<\/script>\n<!-- \/ Yoast SEO plugin. -->","yoast_head_json":{"title":"Sprache \/ Idioma - ecoloarts","description":"Auf Sprache \/ idioma kannst du die Sprache wechseln. Ecoloarts ist auch auf spanisch verf\u00fcgbar. Ecoloarts tambi\u00e9n est\u00e1 disponible en espa\u00f1ol.","robots":{"index":"index","follow":"follow","max-snippet":"max-snippet:-1","max-image-preview":"max-image-preview:large","max-video-preview":"max-video-preview:-1"},"canonical":"https:\/\/deutsch.ecoloarts.com\/de\/sprache-idioma\/","og_locale":"de_DE","og_type":"article","og_title":"Sprache \/ Idioma - ecoloarts","og_description":"Auf Sprache \/ idioma kannst du die Sprache wechseln. Ecoloarts ist auch auf spanisch verf\u00fcgbar. Ecoloarts tambi\u00e9n est\u00e1 disponible en espa\u00f1ol.","og_url":"https:\/\/deutsch.ecoloarts.com\/de\/sprache-idioma\/","og_site_name":"ecoloarts","article_modified_time":"2021-12-12T00:32:21+00:00","twitter_card":"summary_large_image","twitter_misc":{"Gesch\u00e4tzte Lesezeit":"1\u00a0Minute"},"schema":{"@context":"https:\/\/schema.org","@graph":[{"@type":"WebPage","@id":"https:\/\/deutsch.ecoloarts.com\/de\/sprache-idioma\/","url":"https:\/\/deutsch.ecoloarts.com\/de\/sprache-idioma\/","name":"Sprache \/ Idioma - ecoloarts","isPartOf":{"@id":"https:\/\/deutsch.ecoloarts.com\/de\/#website"},"datePublished":"2021-12-11T23:21:54+00:00","dateModified":"2021-12-12T00:32:21+00:00","description":"Auf Sprache \/ idioma kannst du die Sprache wechseln. Ecoloarts ist auch auf spanisch verf\u00fcgbar. Ecoloarts tambi\u00e9n est\u00e1 disponible en espa\u00f1ol.","breadcrumb":{"@id":"https:\/\/deutsch.ecoloarts.com\/de\/sprache-idioma\/#breadcrumb"},"inLanguage":"de","potentialAction":[{"@type":"ReadAction","target":["https:\/\/deutsch.ecoloarts.com\/de\/sprache-idioma\/"]}]},{"@type":"BreadcrumbList","@id":"https:\/\/deutsch.ecoloarts.com\/de\/sprache-idioma\/#breadcrumb","itemListElement":[{"@type":"ListItem","position":1,"name":"Startseite","item":"https:\/\/deutsch.ecoloarts.com\/de\/"},{"@type":"ListItem","position":2,"name":"Sprache \/ Idioma"}]},{"@type":"WebSite","@id":"https:\/\/deutsch.ecoloarts.com\/de\/#website","url":"https:\/\/deutsch.ecoloarts.com\/de\/","name":"ecoloarts","description":"","publisher":{"@id":"https:\/\/deutsch.ecoloarts.com\/de\/#organization"},"potentialAction":[{"@type":"SearchAction","target":{"@type":"EntryPoint","urlTemplate":"https:\/\/deutsch.ecoloarts.com\/de\/?s={search_term_string}"},"query-input":"required name=search_term_string"}],"inLanguage":"de"},{"@type":"Organization","@id":"https:\/\/deutsch.ecoloarts.com\/de\/#organization","name":"ecoloarts","url":"https:\/\/deutsch.ecoloarts.com\/de\/","logo":{"@type":"ImageObject","inLanguage":"de","@id":"https:\/\/deutsch.ecoloarts.com\/de\/#\/schema\/logo\/image\/","url":"https:\/\/deutsch.ecoloarts.com\/de\/wp-content\/uploads\/2021\/12\/cropped-211024_Logo_web_ecoloarts_version1.png","contentUrl":"https:\/\/deutsch.ecoloarts.com\/de\/wp-content\/uploads\/2021\/12\/cropped-211024_Logo_web_ecoloarts_version1.png","width":827,"height":591,"caption":"ecoloarts"},"image":{"@id":"https:\/\/deutsch.ecoloarts.com\/de\/#\/schema\/logo\/image\/"}}]}},"_links":{"self":[{"href":"https:\/\/deutsch.ecoloarts.com\/de\/wp-json\/wp\/v2\/pages\/128","targetHints":{"allow":["GET"]}}],"collection":[{"href":"https:\/\/deutsch.ecoloarts.com\/de\/wp-json\/wp\/v2\/pages"}],"about":[{"href":"https:\/\/deutsch.ecoloarts.com\/de\/wp-json\/wp\/v2\/types\/page"}],"author":[{"embeddable":true,"href":"https:\/\/deutsch.ecoloarts.com\/de\/wp-json\/wp\/v2\/users\/1"}],"replies":[{"embeddable":true,"href":"https:\/\/deutsch.ecoloarts.com\/de\/wp-json\/wp\/v2\/comments?post=128"}],"version-history":[{"count":2,"href":"https:\/\/deutsch.ecoloarts.com\/de\/wp-json\/wp\/v2\/pages\/128\/revisions"}],"predecessor-version":[{"id":151,"href":"https:\/\/deutsch.ecoloarts.com\/de\/wp-json\/wp\/v2\/pages\/128\/revisions\/151"}],"wp:attachment":[{"href":"https:\/\/deutsch.ecoloarts.com\/de\/wp-json\/wp\/v2\/media?parent=128"}],"curies":[{"name":"wp","href":"https:\/\/api.w.org\/{rel}","templated":true}]}}