{"id":118,"date":"2021-12-11T23:07:39","date_gmt":"2021-12-11T23:07:39","guid":{"rendered":"https:\/\/deutsch.ecoloarts.com\/de\/?page_id=118"},"modified":"2021-12-15T16:10:14","modified_gmt":"2021-12-15T16:10:14","slug":"startseite","status":"publish","type":"page","link":"https:\/\/deutsch.ecoloarts.com\/de\/","title":{"rendered":"Startseite"},"content":{"rendered":"\n<p class=\"has-text-align-center has-small-font-size\">Herzlich Willkommen auf ecoloarts! Hier findest Du Kunstwerke und Designs, welche m\u00f6glichst nachhaltig hergestellt sind. Weiter unten aber auch im <a href=\"https:\/\/deutsch.ecoloarts.com\/de\/shop\/\">Shop<\/a> kannst Du dir das Angebot von ecoloarts ansehen. M\u00f6chtest Du ein Werk oder ein Objekt kaufen? Dann klicke auf das Bild und f\u00fcge es deinem Warenkorb hinzu. <a href=\"https:\/\/deutsch.ecoloarts.com\/de\/ueber-ecoloarts\/\">Hier<\/a> erf\u00e4hrst Du mehr \u00fcber ecoloarts.<\/p>\n\n\n\n<div class=\"wp-block-media-text alignwide is-stacked-on-mobile\"><figure class=\"wp-block-media-text__media\"><a href=\"https:\/\/deutsch.ecoloarts.com\/de\/produkt\/verwundeter-achilles-ohne-schmetterlinge\/\"><img loading=\"lazy\" decoding=\"async\" width=\"781\" height=\"781\" src=\"https:\/\/deutsch.ecoloarts.com\/de\/wp-content\/uploads\/2021\/12\/211215_Aquiles-sin-mariposas_1.png\" alt=\"verwundeter Achilles ohne Schmetterlinge\" class=\"wp-image-161 size-full\" srcset=\"https:\/\/deutsch.ecoloarts.com\/de\/wp-content\/uploads\/2021\/12\/211215_Aquiles-sin-mariposas_1.png 781w, https:\/\/deutsch.ecoloarts.com\/de\/wp-content\/uploads\/2021\/12\/211215_Aquiles-sin-mariposas_1-300x300.png 300w, https:\/\/deutsch.ecoloarts.com\/de\/wp-content\/uploads\/2021\/12\/211215_Aquiles-sin-mariposas_1-150x150.png 150w, https:\/\/deutsch.ecoloarts.com\/de\/wp-content\/uploads\/2021\/12\/211215_Aquiles-sin-mariposas_1-768x768.png 768w, https:\/\/deutsch.ecoloarts.com\/de\/wp-content\/uploads\/2021\/12\/211215_Aquiles-sin-mariposas_1-324x324.png 324w, https:\/\/deutsch.ecoloarts.com\/de\/wp-content\/uploads\/2021\/12\/211215_Aquiles-sin-mariposas_1-416x416.png 416w, https:\/\/deutsch.ecoloarts.com\/de\/wp-content\/uploads\/2021\/12\/211215_Aquiles-sin-mariposas_1-100x100.png 100w\" sizes=\"auto, (max-width: 781px) 100vw, 781px\" \/><\/a><\/figure><div class=\"wp-block-media-text__content\">\n<p class=\"has-text-align-center has-small-font-size\">\u201eVerwundeter Achilles ohne Schmetterlinge\u201c ist eine aus Grafit angefertigte Zeichnung. Die Qualit\u00e4t des Papiers wurde mit dem FSC-Zertifikat ausgezeichnet.<\/p>\n\n\n\n<p class=\"has-text-align-center has-small-font-size\">Weiterf\u00fchrende Informationen sind im\u00a0<a href=\"https:\/\/deutsch.ecoloarts.com\/de\/produkt\/verwundeter-achilles-ohne-schmetterlinge\/\">Shop<\/a>\u00a0zu finden.<\/p>\n<\/div><\/div>\n\n\n\n<div class=\"wp-block-media-text alignwide is-stacked-on-mobile\"><figure class=\"wp-block-media-text__media\"><a href=\"https:\/\/deutsch.ecoloarts.com\/de\/produkt\/verwundeter-achilles-mit-schmetterlingen\/\"><img loading=\"lazy\" decoding=\"async\" width=\"1302\" height=\"1302\" src=\"https:\/\/deutsch.ecoloarts.com\/de\/wp-content\/uploads\/2021\/12\/211211_achilles_hauptbild_500-1.png\" alt=\"verwundeter Achilles mit Schmetterlingen\" class=\"wp-image-122 size-full\" srcset=\"https:\/\/deutsch.ecoloarts.com\/de\/wp-content\/uploads\/2021\/12\/211211_achilles_hauptbild_500-1.png 1302w, https:\/\/deutsch.ecoloarts.com\/de\/wp-content\/uploads\/2021\/12\/211211_achilles_hauptbild_500-1-300x300.png 300w, https:\/\/deutsch.ecoloarts.com\/de\/wp-content\/uploads\/2021\/12\/211211_achilles_hauptbild_500-1-1024x1024.png 1024w, https:\/\/deutsch.ecoloarts.com\/de\/wp-content\/uploads\/2021\/12\/211211_achilles_hauptbild_500-1-150x150.png 150w, https:\/\/deutsch.ecoloarts.com\/de\/wp-content\/uploads\/2021\/12\/211211_achilles_hauptbild_500-1-768x768.png 768w, https:\/\/deutsch.ecoloarts.com\/de\/wp-content\/uploads\/2021\/12\/211211_achilles_hauptbild_500-1-324x324.png 324w, https:\/\/deutsch.ecoloarts.com\/de\/wp-content\/uploads\/2021\/12\/211211_achilles_hauptbild_500-1-416x416.png 416w, https:\/\/deutsch.ecoloarts.com\/de\/wp-content\/uploads\/2021\/12\/211211_achilles_hauptbild_500-1-100x100.png 100w\" sizes=\"auto, (max-width: 1302px) 100vw, 1302px\" \/><\/a><\/figure><div class=\"wp-block-media-text__content\">\n<p class=\"has-text-align-center has-small-font-size\">\u201eVerwundeter Achilles mit Schmetterlingen\u201c ist eine aus Zeichenkohle angefertigte Zeichnung. Die Qualit\u00e4t des Papiers wurde mit dem FSC-Zertifikat ausgezeichnet.<\/p>\n\n\n\n<p class=\"has-text-align-center has-small-font-size\">Weiterf\u00fchrende Informationen sind im&nbsp;<a href=\"https:\/\/deutsch.ecoloarts.com\/de\/produkt\/verwundeter-achilles-mit-schmetterlingen\/\">Shop<\/a>&nbsp;zu finden.<\/p>\n<\/div><\/div>\n\n\n\n<div class=\"wp-block-media-text alignwide is-stacked-on-mobile\"><figure class=\"wp-block-media-text__media\"><a href=\"https:\/\/deutsch.ecoloarts.com\/de\/produkt\/grafik-hirsch-auf-festplatte\/\"><img loading=\"lazy\" decoding=\"async\" width=\"1024\" height=\"1024\" src=\"https:\/\/deutsch.ecoloarts.com\/de\/wp-content\/uploads\/2021\/12\/Hirsch_ohne-Kontur_leuchtend_1_webseite-1-1024x1024.png\" alt=\"\" class=\"wp-image-123 size-full\" srcset=\"https:\/\/deutsch.ecoloarts.com\/de\/wp-content\/uploads\/2021\/12\/Hirsch_ohne-Kontur_leuchtend_1_webseite-1-1024x1024.png 1024w, https:\/\/deutsch.ecoloarts.com\/de\/wp-content\/uploads\/2021\/12\/Hirsch_ohne-Kontur_leuchtend_1_webseite-1-300x300.png 300w, https:\/\/deutsch.ecoloarts.com\/de\/wp-content\/uploads\/2021\/12\/Hirsch_ohne-Kontur_leuchtend_1_webseite-1-150x150.png 150w, https:\/\/deutsch.ecoloarts.com\/de\/wp-content\/uploads\/2021\/12\/Hirsch_ohne-Kontur_leuchtend_1_webseite-1-768x768.png 768w, https:\/\/deutsch.ecoloarts.com\/de\/wp-content\/uploads\/2021\/12\/Hirsch_ohne-Kontur_leuchtend_1_webseite-1-324x324.png 324w, https:\/\/deutsch.ecoloarts.com\/de\/wp-content\/uploads\/2021\/12\/Hirsch_ohne-Kontur_leuchtend_1_webseite-1-416x416.png 416w, https:\/\/deutsch.ecoloarts.com\/de\/wp-content\/uploads\/2021\/12\/Hirsch_ohne-Kontur_leuchtend_1_webseite-1-100x100.png 100w, https:\/\/deutsch.ecoloarts.com\/de\/wp-content\/uploads\/2021\/12\/Hirsch_ohne-Kontur_leuchtend_1_webseite-1.png 1102w\" sizes=\"auto, (max-width: 1024px) 100vw, 1024px\" \/><\/a><\/figure><div class=\"wp-block-media-text__content\">\n<p class=\"has-text-align-center has-small-font-size\">Die Grafik \u201eHirschkopf auf Festplatte\u201c zeigt den Kopf eines Hirsches auf gr\u00fcnem Hintergrund. Das Design des Hintergrundes ist von einer Festplatte eines Computers, oder  anderen Hardware, inspiriert.<\/p>\n\n\n\n<p class=\"has-text-align-center has-small-font-size\">Weiterf\u00fchrende Informationen sind im&nbsp;<a href=\"https:\/\/deutsch.ecoloarts.com\/de\/produkt\/grafik-hirsch-auf-festplatte\/\">Shop<\/a>&nbsp;zu finden.<\/p>\n<\/div><\/div>\n","protected":false},"excerpt":{"rendered":"<p>Herzlich Willkommen auf ecoloarts! Hier findest Du Kunstwerke und Designs, welche m\u00f6glichst nachhaltig hergestellt sind. Weiter unten aber auch im Shop kannst Du dir das Angebot von ecoloarts ansehen. M\u00f6chtest Du ein Werk oder ein Objekt kaufen? Dann klicke auf das Bild und f\u00fcge es deinem Warenkorb hinzu. Hier erf\u00e4hrst Du mehr \u00fcber ecoloarts. \u201eVerwundeter [&hellip;]<\/p>\n","protected":false},"author":1,"featured_media":0,"parent":0,"menu_order":0,"comment_status":"closed","ping_status":"closed","template":"","meta":{"footnotes":""},"class_list":["post-118","page","type-page","status-publish","hentry"],"yoast_head":"<!-- This site is optimized with the Yoast SEO plugin v20.1 - https:\/\/yoast.com\/wordpress\/plugins\/seo\/ -->\n<title>Startseite - ecoloarts<\/title>\n<meta name=\"description\" content=\"Auf der Startseite findest du das Angebot auf ecoloarts. Um mehr herauszufinden, klicke auf das Bild des Objekts, das dich anspricht.\" \/>\n<meta name=\"robots\" content=\"index, follow, max-snippet:-1, max-image-preview:large, max-video-preview:-1\" \/>\n<link rel=\"canonical\" href=\"https:\/\/deutsch.ecoloarts.com\/de\/\" \/>\n<meta property=\"og:locale\" content=\"de_DE\" \/>\n<meta property=\"og:type\" content=\"article\" \/>\n<meta property=\"og:title\" content=\"Startseite - ecoloarts\" \/>\n<meta property=\"og:description\" content=\"Auf der Startseite findest du das Angebot auf ecoloarts. Um mehr herauszufinden, klicke auf das Bild des Objekts, das dich anspricht.\" \/>\n<meta property=\"og:url\" content=\"https:\/\/deutsch.ecoloarts.com\/de\/\" \/>\n<meta property=\"og:site_name\" content=\"ecoloarts\" \/>\n<meta property=\"article:modified_time\" content=\"2021-12-15T16:10:14+00:00\" \/>\n<meta property=\"og:image\" content=\"https:\/\/deutsch.ecoloarts.com\/de\/wp-content\/uploads\/2021\/12\/211215_Aquiles-sin-mariposas_1.png\" \/>\n<meta name=\"twitter:card\" content=\"summary_large_image\" \/>\n<meta name=\"twitter:label1\" content=\"Gesch\u00e4tzte Lesezeit\" \/>\n\t<meta name=\"twitter:data1\" content=\"2\u00a0Minuten\" \/>\n<script type=\"application\/ld+json\" class=\"yoast-schema-graph\">{\"@context\":\"https:\/\/schema.org\",\"@graph\":[{\"@type\":\"WebPage\",\"@id\":\"https:\/\/deutsch.ecoloarts.com\/de\/\",\"url\":\"https:\/\/deutsch.ecoloarts.com\/de\/\",\"name\":\"Startseite - ecoloarts\",\"isPartOf\":{\"@id\":\"https:\/\/deutsch.ecoloarts.com\/de\/#website\"},\"datePublished\":\"2021-12-11T23:07:39+00:00\",\"dateModified\":\"2021-12-15T16:10:14+00:00\",\"description\":\"Auf der Startseite findest du das Angebot auf ecoloarts. Um mehr herauszufinden, klicke auf das Bild des Objekts, das dich anspricht.\",\"breadcrumb\":{\"@id\":\"https:\/\/deutsch.ecoloarts.com\/de\/#breadcrumb\"},\"inLanguage\":\"de\",\"potentialAction\":[{\"@type\":\"ReadAction\",\"target\":[\"https:\/\/deutsch.ecoloarts.com\/de\/\"]}]},{\"@type\":\"BreadcrumbList\",\"@id\":\"https:\/\/deutsch.ecoloarts.com\/de\/#breadcrumb\",\"itemListElement\":[{\"@type\":\"ListItem\",\"position\":1,\"name\":\"Startseite\",\"item\":\"https:\/\/deutsch.ecoloarts.com\/de\/\"},{\"@type\":\"ListItem\",\"position\":2,\"name\":\"Startseite\"}]},{\"@type\":\"WebSite\",\"@id\":\"https:\/\/deutsch.ecoloarts.com\/de\/#website\",\"url\":\"https:\/\/deutsch.ecoloarts.com\/de\/\",\"name\":\"ecoloarts\",\"description\":\"\",\"publisher\":{\"@id\":\"https:\/\/deutsch.ecoloarts.com\/de\/#organization\"},\"potentialAction\":[{\"@type\":\"SearchAction\",\"target\":{\"@type\":\"EntryPoint\",\"urlTemplate\":\"https:\/\/deutsch.ecoloarts.com\/de\/?s={search_term_string}\"},\"query-input\":\"required name=search_term_string\"}],\"inLanguage\":\"de\"},{\"@type\":\"Organization\",\"@id\":\"https:\/\/deutsch.ecoloarts.com\/de\/#organization\",\"name\":\"ecoloarts\",\"url\":\"https:\/\/deutsch.ecoloarts.com\/de\/\",\"logo\":{\"@type\":\"ImageObject\",\"inLanguage\":\"de\",\"@id\":\"https:\/\/deutsch.ecoloarts.com\/de\/#\/schema\/logo\/image\/\",\"url\":\"https:\/\/deutsch.ecoloarts.com\/de\/wp-content\/uploads\/2021\/12\/cropped-211024_Logo_web_ecoloarts_version1.png\",\"contentUrl\":\"https:\/\/deutsch.ecoloarts.com\/de\/wp-content\/uploads\/2021\/12\/cropped-211024_Logo_web_ecoloarts_version1.png\",\"width\":827,\"height\":591,\"caption\":\"ecoloarts\"},\"image\":{\"@id\":\"https:\/\/deutsch.ecoloarts.com\/de\/#\/schema\/logo\/image\/\"}}]}<\/script>\n<!-- \/ Yoast SEO plugin. -->","yoast_head_json":{"title":"Startseite - ecoloarts","description":"Auf der Startseite findest du das Angebot auf ecoloarts. Um mehr herauszufinden, klicke auf das Bild des Objekts, das dich anspricht.","robots":{"index":"index","follow":"follow","max-snippet":"max-snippet:-1","max-image-preview":"max-image-preview:large","max-video-preview":"max-video-preview:-1"},"canonical":"https:\/\/deutsch.ecoloarts.com\/de\/","og_locale":"de_DE","og_type":"article","og_title":"Startseite - ecoloarts","og_description":"Auf der Startseite findest du das Angebot auf ecoloarts. Um mehr herauszufinden, klicke auf das Bild des Objekts, das dich anspricht.","og_url":"https:\/\/deutsch.ecoloarts.com\/de\/","og_site_name":"ecoloarts","article_modified_time":"2021-12-15T16:10:14+00:00","og_image":[{"url":"https:\/\/deutsch.ecoloarts.com\/de\/wp-content\/uploads\/2021\/12\/211215_Aquiles-sin-mariposas_1.png"}],"twitter_card":"summary_large_image","twitter_misc":{"Gesch\u00e4tzte Lesezeit":"2\u00a0Minuten"},"schema":{"@context":"https:\/\/schema.org","@graph":[{"@type":"WebPage","@id":"https:\/\/deutsch.ecoloarts.com\/de\/","url":"https:\/\/deutsch.ecoloarts.com\/de\/","name":"Startseite - ecoloarts","isPartOf":{"@id":"https:\/\/deutsch.ecoloarts.com\/de\/#website"},"datePublished":"2021-12-11T23:07:39+00:00","dateModified":"2021-12-15T16:10:14+00:00","description":"Auf der Startseite findest du das Angebot auf ecoloarts. Um mehr herauszufinden, klicke auf das Bild des Objekts, das dich anspricht.","breadcrumb":{"@id":"https:\/\/deutsch.ecoloarts.com\/de\/#breadcrumb"},"inLanguage":"de","potentialAction":[{"@type":"ReadAction","target":["https:\/\/deutsch.ecoloarts.com\/de\/"]}]},{"@type":"BreadcrumbList","@id":"https:\/\/deutsch.ecoloarts.com\/de\/#breadcrumb","itemListElement":[{"@type":"ListItem","position":1,"name":"Startseite","item":"https:\/\/deutsch.ecoloarts.com\/de\/"},{"@type":"ListItem","position":2,"name":"Startseite"}]},{"@type":"WebSite","@id":"https:\/\/deutsch.ecoloarts.com\/de\/#website","url":"https:\/\/deutsch.ecoloarts.com\/de\/","name":"ecoloarts","description":"","publisher":{"@id":"https:\/\/deutsch.ecoloarts.com\/de\/#organization"},"potentialAction":[{"@type":"SearchAction","target":{"@type":"EntryPoint","urlTemplate":"https:\/\/deutsch.ecoloarts.com\/de\/?s={search_term_string}"},"query-input":"required name=search_term_string"}],"inLanguage":"de"},{"@type":"Organization","@id":"https:\/\/deutsch.ecoloarts.com\/de\/#organization","name":"ecoloarts","url":"https:\/\/deutsch.ecoloarts.com\/de\/","logo":{"@type":"ImageObject","inLanguage":"de","@id":"https:\/\/deutsch.ecoloarts.com\/de\/#\/schema\/logo\/image\/","url":"https:\/\/deutsch.ecoloarts.com\/de\/wp-content\/uploads\/2021\/12\/cropped-211024_Logo_web_ecoloarts_version1.png","contentUrl":"https:\/\/deutsch.ecoloarts.com\/de\/wp-content\/uploads\/2021\/12\/cropped-211024_Logo_web_ecoloarts_version1.png","width":827,"height":591,"caption":"ecoloarts"},"image":{"@id":"https:\/\/deutsch.ecoloarts.com\/de\/#\/schema\/logo\/image\/"}}]}},"_links":{"self":[{"href":"https:\/\/deutsch.ecoloarts.com\/de\/wp-json\/wp\/v2\/pages\/118","targetHints":{"allow":["GET"]}}],"collection":[{"href":"https:\/\/deutsch.ecoloarts.com\/de\/wp-json\/wp\/v2\/pages"}],"about":[{"href":"https:\/\/deutsch.ecoloarts.com\/de\/wp-json\/wp\/v2\/types\/page"}],"author":[{"embeddable":true,"href":"https:\/\/deutsch.ecoloarts.com\/de\/wp-json\/wp\/v2\/users\/1"}],"replies":[{"embeddable":true,"href":"https:\/\/deutsch.ecoloarts.com\/de\/wp-json\/wp\/v2\/comments?post=118"}],"version-history":[{"count":6,"href":"https:\/\/deutsch.ecoloarts.com\/de\/wp-json\/wp\/v2\/pages\/118\/revisions"}],"predecessor-version":[{"id":166,"href":"https:\/\/deutsch.ecoloarts.com\/de\/wp-json\/wp\/v2\/pages\/118\/revisions\/166"}],"wp:attachment":[{"href":"https:\/\/deutsch.ecoloarts.com\/de\/wp-json\/wp\/v2\/media?parent=118"}],"curies":[{"name":"wp","href":"https:\/\/api.w.org\/{rel}","templated":true}]}}